{"id":1039,"date":"2025-08-14T02:09:14","date_gmt":"2025-08-14T00:09:14","guid":{"rendered":"https:\/\/whaletaleshostel.com\/?page_id=1039"},"modified":"2025-12-28T15:33:23","modified_gmt":"2025-12-28T22:33:23","slug":"aviso-de-privacidad-2","status":"publish","type":"page","link":"https:\/\/whaletaleshostel.com\/en\/aviso-de-privacidad-2\/","title":{"rendered":"privacy notice"},"content":{"rendered":"<div class=\"wp-block-uagb-container uagb-block-3b753fe8 alignfull uagb-is-root-container\"><\/div>\n\n\n\n<div class=\"wp-block-uagb-container uagb-layout-flex uagb-block-395f69b9 alignfull uagb-is-root-container\"><div class=\"uagb-container-inner-blocks-wrap\">\n<div class=\"wp-block-uagb-container uagb-block-80270092\">\n<div class=\"wp-block-uagb-advanced-heading uagb-block-5d255cf4\"><h3 class=\"uagb-heading-text\">Privacy Notice<\/h3><\/div>\n\n\n\n<div class=\"wp-block-uagb-advanced-heading uagb-block-40f3dab5\"><p class=\"uagb-heading-text\">where your personal data is safe&nbsp;<\/p><\/div>\n\n\n\n<p class=\"has-ast-global-color-3-color has-text-color has-link-color wp-elements-afc03d04d533f997ea4897f2f853eb4e\">We are committed to protecting your privacy according to Articles 27 and 28 of the General Law for the Protection of Personal Data in Possession of Obligated Parties (la Ley General de Protecci\u00f3n de Datos Personales en Posesi\u00f3n de Sujetos Obligados or LGPDPPSO). Hereby we inform you of the terms and conditions of the Privacy Notice of WHALE TALES HOSTEL S.A.S. with address at: Calle Paseo Barlovento M35 L6 #386, col. Rosarito, San Jos\u00e9 del Cabo, 23407, Baja California Sur, M\u00e9xico, commercially known as Whale Tales hostel.&nbsp;<\/p>\n\n\n\n<p>Whale Tales hostel is located in Mexico and all matters related to Personal Data are governed by the laws of Mexico. At the time of providing your Personal Data to Whale Tales hostel, you grant your consent and authorize the use and transfer of your Personal Data, in accordance with the provisions set by this Privacy Notice as well as in accordance with current applicable legislation. This Privacy Notice complies with the requirements established by the Law.<\/p>\n\n\n\n<p class=\"has-ast-global-color-3-color has-text-color has-link-color wp-elements-b2c1cc9de90f221d51bba7dac2ea1c9a\">By reading this Privacy Notice, you\u2019ll know how we collect, use, share and protect your personal information when you visit our hostel, our website, contact us or use one of our services.&nbsp;<\/p>\n\n\n\n<div class=\"wp-block-uagb-advanced-heading uagb-block-aa826c6e\"><h4 class=\"uagb-heading-text\">Which information do we collect?<\/h4><\/div>\n\n\n\n<p class=\"has-ast-global-color-3-color has-text-color has-link-color wp-elements-1861e4c82a3ed722f313b619c1bec47f\">We collect your personal information in different types of ways, including when you:<\/p>\n\n\n\n<ul class=\"wp-block-list\">\n<li>Make a reservation via our website or at the hostel.<\/li>\n\n\n\n<li>Contact us via email, phone, message or any other way<\/li>\n\n\n\n<li>Use our website to browse or interact with our content<\/li>\n\n\n\n<li>Interact with us through our social media platforms<\/li>\n<\/ul>\n\n\n\n<p class=\"has-ast-global-color-3-color has-text-color has-link-color wp-elements-892226b73bc0b5b4f48c86000632457c\">The personal information we collect may include, but is not limited to:<\/p>\n\n\n\n<ul class=\"wp-block-list\">\n<li>Name, email address, phone number and home address<\/li>\n\n\n\n<li>Payment information, which is processed securely by third party providers, for the purpose of charging the lodging service and other services provided by Whale Tales hostel<\/li>\n\n\n\n<li>Details of your booking and stay<\/li>\n\n\n\n<li>Information you provide in comments, surveys or reviews<\/li>\n<\/ul>\n\n\n\n<div class=\"wp-block-uagb-advanced-heading uagb-block-a7b9de7b\"><h4 class=\"uagb-heading-text\">How do we use your information?<\/h4><\/div>\n\n\n\n<p class=\"has-ast-global-color-3-color has-text-color has-link-color wp-elements-d6b776d446c9ecbad7b033365ba69015\">The personal information we collect is only for the following purposes:<\/p>\n\n\n\n<ul class=\"wp-block-list\">\n<li>Identification purposes<\/li>\n\n\n\n<li>To process and manage your reservations and\/or bookings<\/li>\n\n\n\n<li>To communicate with you about your booking and our services<\/li>\n\n\n\n<li>To send you marketing communications, only if you have given your consent<\/li>\n\n\n\n<li>To improve our website and services based on feedback and usage patterns and evaluate the quality of our services<\/li>\n\n\n\n<li>To comply with legal and regulatory obligations<\/li>\n\n\n\n<li>To provide the services and products you require, this in a timely and correct manner; services such as reservations, tours, rentals, transportation, etc.<\/li>\n<\/ul>\n\n\n\n<p class=\"has-ast-global-color-3-color has-text-color has-link-color wp-elements-ea5e98b4a8903f6242adaeac77a9add2\">Any person entering the facilities of Whale Tales hostel may be recorded or photographed by closed circuit security cameras. The images captured by the cameras of the CCTV system located in Whale Tales hostel will be used for surveillance and security purposes of the owners of the hostel, of the hostel's guests and its facilities, as well as monitoring and verifying and minimizing in real time any hazardous conditions.<\/p>\n\n\n\n<div class=\"wp-block-uagb-advanced-heading uagb-block-e51ae776\"><h4 class=\"uagb-heading-text\">How do we share your information?<\/h4><\/div>\n\n\n\n<p class=\"has-ast-global-color-3-color has-text-color has-link-color wp-elements-a6166a0a787e7e57222442c5efba5bc1\">We do not sell or rent your personal information. However, we may share it with:<\/p>\n\n\n\n<ul class=\"wp-block-list\">\n<li>Third-party service providers who assist us with payment processing, marketing or website maintenance<\/li>\n\n\n\n<li>Government authorities if required by law or for regulatory compliance<\/li>\n\n\n\n<li>Business partners for special offers or joint promotions, only with your consent<\/li>\n\n\n\n<li>Data security and storage<\/li>\n<\/ul>\n\n\n\n<p class=\"has-ast-global-color-3-color has-text-color has-link-color wp-elements-694b26f9f60c5bd52c753a0d2ede923e\">We take data security seriously and implement appropriate technical and organizational measures to protect your personal information. However, no method of transmission over the Internet or electronic storage is 100% secure, so we cannot guarantee absolute security.<\/p>\n\n\n\n<div class=\"wp-block-uagb-advanced-heading uagb-block-cb359ee8\"><h4 class=\"uagb-heading-text\">What are your rights?<\/h4><\/div>\n\n\n\n<p class=\"has-ast-global-color-3-color has-text-color has-link-color wp-elements-2cef6998b61809d14c10e4dc2032851a\">According to Mexican Law, you have certain rights, known as ARCO-rights, with respect to your Personal Data, which are:<\/p>\n\n\n\n<ul class=\"wp-block-list\">\n<li><strong>Access<\/strong>: The right to know which of you Personal Data is stored by us, what we use it for, the terms of its use and\/or request a copy of your Personal Data<\/li>\n\n\n\n<li><strong>Rectification<\/strong>The right to correct outdated or incorrect Personal Data when applicable<\/li>\n\n\n\n<li><strong>Cancellation<\/strong>The right to request deletion or restriction of your Personal Data<\/li>\n\n\n\n<li><strong>Opposition<\/strong>The right to oppose the use of your Personal Data for specific purposes; including the right to withdraw consent to receive marketing communications<\/li>\n<\/ul>\n\n\n\n<p class=\"has-ast-global-color-3-color has-text-color has-link-color wp-elements-dce418c331fd0dc9bc7bbe2326a8d4d5\">To exercise any of these rights, please contact us at <strong>hola@whaletaleshostel.com<\/strong> including the following information:<\/p>\n\n\n\n<ul class=\"wp-block-list\">\n<li>Your name and address or any other means of contact<\/li>\n\n\n\n<li>Documents that certify your identity, and where appropriate, the personality and identity of your representative<\/li>\n\n\n\n<li>The clear and precise description of the Personal Data with respect to which you seek to exercise any of the ARCO rights, unless it is the right of access<\/li>\n\n\n\n<li>Your request and the description of the ARCO right you intend to exercise<\/li>\n\n\n\n<li>Any other element or document that helps trace your Personal Data, if applicable<\/li>\n<\/ul>\n\n\n\n<p class=\"has-ast-global-color-3-color has-text-color has-link-color wp-elements-98d4a18610ff8580f2cdee6036534e3d\">In case of requesting to exercise the rectification, you must also indicate the modifications to be made and provide the necessary official documentation to support your request. To exercise the right of cancellation, you must express the causes that motivate the elimination. To exercise the right of opposition you must state the reasons that justify the end of use of Personal Data and the damage or harm caused, or, if the opposition is partial, it must indicate the specific purposes you do not agree with, provided it is not a mandatory requirement.<\/p>\n\n\n\n<div class=\"wp-block-uagb-advanced-heading uagb-block-820a6ccd\"><h4 class=\"uagb-heading-text\">Do we use cookies and tracking technologies?<\/h4><\/div>\n\n\n\n<p class=\"has-ast-global-color-3-color has-text-color has-link-color wp-elements-4648952a6508088d20c22a9e1b9cb4fa\">Our website uses cookies and similar tracking technologies to enhance your browsing experience and collect information about website usage. You can manage your cookie preferences through your browser settings, but please note that some features may not function properly if cookies are disabled.<\/p>\n\n\n\n<div class=\"wp-block-uagb-advanced-heading uagb-block-693e505a\"><h4 class=\"uagb-heading-text\">What if we update this Privacy Notice ?&nbsp;<\/h4><\/div>\n\n\n\n<p class=\"has-ast-global-color-3-color has-text-color has-link-color wp-elements-7452e9a516f5213491cc42d836bc68bd\">We update this Privacy Notice from time to time. Any changes will be posted on this page and you will be notified directly or through a notice on our website if the changes are significant. Please check this page periodically to stay informed about our privacy practices.<\/p>\n\n\n\n<div class=\"wp-block-uagb-advanced-heading uagb-block-6017447e\"><h4 class=\"uagb-heading-text\">How do you contact us?&nbsp;<\/h4><\/div>\n\n\n\n<p class=\"has-ast-global-color-3-color has-text-color has-link-color wp-elements-0e58de39120c40c9272f0312f1cda8a0\">If you have any questions or concerns about this Privacy Notice or our data practices, please contact us at:<\/p>\n\n\n\n<ul class=\"wp-block-list has-ast-global-color-3-color has-text-color has-link-color wp-elements-fa9b16ce0af3f92b53c0f97a7b04e842\">\n<li><strong><mark style=\"background-color:rgba(0, 0, 0, 0)\" class=\"has-inline-color has-ast-global-color-2-color\">Whale Tales Hostel<\/mark><\/strong> <mark style=\"background-color:rgba(0, 0, 0, 0)\" class=\"has-inline-color has-ast-global-color-3-color\">Calle Paseo de Barlovento M35 L6 #386, col. Rosarito, San Jos\u00e9 del Cabo, 23407, Baja California Sur, Mexico<\/mark><\/li>\n\n\n\n<li><strong><mark style=\"background-color:rgba(0, 0, 0, 0)\" class=\"has-inline-color has-ast-global-color-2-color\">hola@whaletaleshostel.com<\/mark><\/strong><\/li>\n\n\n\n<li><strong><mark style=\"background-color:rgba(0, 0, 0, 0)\" class=\"has-inline-color has-ast-global-color-2-color\"><strong><mark style=\"background-color:rgba(0, 0, 0, 0)\" class=\"has-inline-color has-ast-global-color-2-color\">WhatsApp +52<\/mark><mark style=\"background-color:rgba(0, 0, 0, 0)\" class=\"has-inline-color has-ast-global-color-0-color\"> 624 21 38 642<\/mark><\/strong><\/mark><\/strong><\/li>\n<\/ul>\n\n\n\n<p class=\"has-ast-global-color-3-color has-text-color has-link-color wp-elements-67f72a443df80da60a45844ffe288a47\"><strong>We know you\u2019re trusting us with your personal information. We understand this is a big responsibility and work hard to protect your information, which is why we would love to thank you for your trust in Whale Tales hostel.<\/strong><\/p>\n<\/div>\n<\/div><\/div>","protected":false},"excerpt":{"rendered":"<p>Aviso de privacidad donde tus datos personales est\u00e1n seguros&nbsp; Nos comprometemos a proteger su privacidad de conformidad con los art\u00edculos 27 y 28 de la Ley General de Protecci\u00f3n de Datos Personales en Posesi\u00f3n de Sujetos Obligados (LGPDPPSO). Por la presente le informamos de los t\u00e9rminos y condiciones del Aviso de Privacidad de WHALE TALES [&hellip;]<\/p>\n","protected":false},"author":1,"featured_media":0,"parent":0,"menu_order":0,"comment_status":"closed","ping_status":"closed","template":"","meta":{"_uag_custom_page_level_css":"","site-sidebar-layout":"default","site-content-layout":"","ast-site-content-layout":"default","site-content-style":"default","site-sidebar-style":"default","ast-global-header-display":"","ast-banner-title-visibility":"","ast-main-header-display":"","ast-hfb-above-header-display":"","ast-hfb-below-header-display":"","ast-hfb-mobile-header-display":"","site-post-title":"disabled","ast-breadcrumbs-content":"","ast-featured-img":"","footer-sml-layout":"","ast-disable-related-posts":"","theme-transparent-header-meta":"","adv-header-id-meta":"","stick-header-meta":"","header-above-stick-meta":"","header-main-stick-meta":"","header-below-stick-meta":"","astra-migrate-meta-layouts":"set","ast-page-background-enabled":"default","ast-page-background-meta":{"desktop":{"background-color":"var(--ast-global-color-4)","background-image":"","background-repeat":"repeat","background-position":"center center","background-size":"auto","background-attachment":"scroll","background-type":"","background-media":"","overlay-type":"","overlay-color":"","overlay-opacity":"","overlay-gradient":""},"tablet":{"background-color":"","background-image":"","background-repeat":"repeat","background-position":"center center","background-size":"auto","background-attachment":"scroll","background-type":"","background-media":"","overlay-type":"","overlay-color":"","overlay-opacity":"","overlay-gradient":""},"mobile":{"background-color":"","background-image":"","background-repeat":"repeat","background-position":"center center","background-size":"auto","background-attachment":"scroll","background-type":"","background-media":"","overlay-type":"","overlay-color":"","overlay-opacity":"","overlay-gradient":""}},"ast-content-background-meta":{"desktop":{"background-color":"var(--ast-global-color-5)","background-image":"","background-repeat":"repeat","background-position":"center center","background-size":"auto","background-attachment":"scroll","background-type":"","background-media":"","overlay-type":"","overlay-color":"","overlay-opacity":"","overlay-gradient":""},"tablet":{"background-color":"var(--ast-global-color-5)","background-image":"","background-repeat":"repeat","background-position":"center center","background-size":"auto","background-attachment":"scroll","background-type":"","background-media":"","overlay-type":"","overlay-color":"","overlay-opacity":"","overlay-gradient":""},"mobile":{"background-color":"var(--ast-global-color-5)","background-image":"","background-repeat":"repeat","background-position":"center center","background-size":"auto","background-attachment":"scroll","background-type":"","background-media":"","overlay-type":"","overlay-color":"","overlay-opacity":"","overlay-gradient":""}},"footnotes":""},"class_list":["post-1039","page","type-page","status-publish","hentry"],"uagb_featured_image_src":{"full":false,"thumbnail":false,"medium":false,"medium_large":false,"large":false,"1536x1536":false,"2048x2048":false,"trp-custom-language-flag":false},"uagb_author_info":{"display_name":"whaletaleshostel","author_link":"https:\/\/whaletaleshostel.com\/en\/author\/whaletaleshostel\/"},"uagb_comment_info":0,"uagb_excerpt":"Aviso de privacidad donde tus datos personales est\u00e1n seguros&nbsp; Nos comprometemos a proteger su privacidad de conformidad con los art\u00edculos 27 y 28 de la Ley General de Protecci\u00f3n de Datos Personales en Posesi\u00f3n de Sujetos Obligados (LGPDPPSO). Por la presente le informamos de los t\u00e9rminos y condiciones del Aviso de Privacidad de WHALE TALES&hellip;","_links":{"self":[{"href":"https:\/\/whaletaleshostel.com\/en\/wp-json\/wp\/v2\/pages\/1039","targetHints":{"allow":["GET"]}}],"collection":[{"href":"https:\/\/whaletaleshostel.com\/en\/wp-json\/wp\/v2\/pages"}],"about":[{"href":"https:\/\/whaletaleshostel.com\/en\/wp-json\/wp\/v2\/types\/page"}],"author":[{"embeddable":true,"href":"https:\/\/whaletaleshostel.com\/en\/wp-json\/wp\/v2\/users\/1"}],"replies":[{"embeddable":true,"href":"https:\/\/whaletaleshostel.com\/en\/wp-json\/wp\/v2\/comments?post=1039"}],"version-history":[{"count":14,"href":"https:\/\/whaletaleshostel.com\/en\/wp-json\/wp\/v2\/pages\/1039\/revisions"}],"predecessor-version":[{"id":2914,"href":"https:\/\/whaletaleshostel.com\/en\/wp-json\/wp\/v2\/pages\/1039\/revisions\/2914"}],"wp:attachment":[{"href":"https:\/\/whaletaleshostel.com\/en\/wp-json\/wp\/v2\/media?parent=1039"}],"curies":[{"name":"wp","href":"https:\/\/api.w.org\/{rel}","templated":true}]}}