{"id":1044,"date":"2025-08-14T02:09:14","date_gmt":"2025-08-14T00:09:14","guid":{"rendered":"https:\/\/whaletaleshostel.com\/?page_id=1044"},"modified":"2025-12-28T15:36:35","modified_gmt":"2025-12-28T22:36:35","slug":"politicas-de-cancelacion","status":"publish","type":"page","link":"https:\/\/whaletaleshostel.com\/en\/politicas-de-cancelacion\/","title":{"rendered":"cancellation policy"},"content":{"rendered":"<div class=\"wp-block-uagb-container uagb-block-45b6d20e alignfull uagb-is-root-container\"><\/div>\n\n\n\n<div class=\"wp-block-uagb-container uagb-layout-flex uagb-block-395f69b9 alignfull uagb-is-root-container\"><div class=\"uagb-container-inner-blocks-wrap\">\n<div class=\"wp-block-uagb-container uagb-block-80270092\">\n<div class=\"wp-block-uagb-advanced-heading uagb-block-5d255cf4\"><h3 class=\"uagb-heading-text\">cancellation policy<\/h3><\/div>\n\n\n\n<div class=\"wp-block-uagb-advanced-heading uagb-block-40f3dab5\"><p class=\"uagb-heading-text\">when you can\u2019t make it to Baja<\/p><\/div>\n\n\n\n<p class=\"has-ast-global-color-5-background-color has-background\"><em><mark style=\"background-color:rgba(0, 0, 0, 0)\" class=\"has-inline-color has-ast-global-color-1-color\"><strong>For a full description of all our terms and conditions including the cancellation policy, we refer to our Terms and Conditions page. <a href=\"https:\/\/whaletaleshostel.com\/en\/terminos-y-condiciones\/\">Terms and conditions<\/a>. When making a reservation, you agree to comply with all Terms and Conditions.<\/strong><\/mark><\/em><\/p>\n\n\n\n<div class=\"wp-block-uagb-advanced-heading uagb-block-aa826c6e\"><h3 class=\"uagb-heading-text\">You choose for a NON-REFUNDABLE BOOKING<\/h3><\/div>\n\n\n\n<p class=\"has-ast-global-color-3-color has-text-color has-link-color wp-elements-2c69cd6cbc89200744593aebd3c5be99\">When the guest is 100% certain of their travel dates, they can opt for a non-refundable booking with a small discount. However, this rate does not offer booking flexibility and <strong>non-refundable reservations can NOT be modified or cancelled<\/strong>. Full payment is required at the time of booking.&nbsp;<\/p>\n\n\n\n<div class=\"wp-block-uagb-advanced-heading uagb-block-8ec5c533\"><h3 class=\"uagb-heading-text\">You choose for a STANDARD FLEXIBLE BOOKING<\/h3><\/div>\n\n\n\n<p class=\"has-ast-global-color-3-color has-text-color has-link-color wp-elements-a0311dc2291750482fb17303b5e92b69\"><strong>With a flexible booking, the guest has  the possibility to cancel their reservation free of charge up to 72 hours prior to their arrival date.&nbsp;<\/strong><\/p>\n\n\n\n<p class=\"has-ast-global-color-3-color has-text-color has-link-color wp-elements-bf5f9b03a7fc4f290ec7a10ccf2b52ed\">Flexible rates include a deposit, which will be the cost of the first night of the booking. The deposit amount will be charged immediately to the guest's credit card, the remaining balance will be due upon check-in. Reservations made on this website can be canceled or modified by contacting the hostel directly, up to 72 hours before the arrival date.<\/p>\n\n\n\n<p class=\"has-ast-global-color-3-color has-text-color has-link-color wp-elements-4688628a4dbd525bdcb8d81e9077573d\">If the guest does not provide sufficient notice of cancellation or fails to arrive at the hostel on their arrival day, then the entire reservation will be considered cancelled, and the guest will be required to pay the hostel the amount equivalent to the first night's stay. The hostel reserves the right to charge this amount to the credit or debit card used by the guest to make the reservation, without prior notice.&nbsp;<\/p>\n\n\n\n<div class=\"wp-block-uagb-advanced-heading uagb-block-820a6ccd\"><h3 class=\"uagb-heading-text\">Early check-out<\/h3><\/div>\n\n\n\n<p class=\"has-ast-global-color-3-color has-text-color has-link-color wp-elements-b148ea518e362557ef88148461b550f0\">The guest pays for the entire stay during the check-in process. If the guest decides to leave the hostel before the dates indicated in the booking confirmation, the cancellation policy corresponding to the type of booking chosen by the guest will apply.<\/p>\n\n\n\n<p class=\"has-ast-global-color-3-color has-text-color has-link-color wp-elements-96286db0646584b93893b5f8bbb62c2e\">In case of extenuating circumstances, the Hostel\u2019s management retains the right to decide whether or not to forego the cancellation policy as a gesture of goodwill.<\/p>\n\n\n\n<div class=\"wp-block-uagb-advanced-heading uagb-block-07c32898\"><h4 class=\"uagb-heading-text\"><mark style=\"background-color:rgba(0, 0, 0, 0)\" class=\"has-inline-color has-ast-global-color-5-color\">Whale Tales Hostel may at any time cancel the booking if:<\/mark><\/h4><\/div>\n\n\n\n<ul class=\"wp-block-list\">\n<li>The payment information provided by the guest is invalid and the guest has not provided any valid alternative information.<\/li>\n\n\n\n<li>The information provided by the guest in connection with the reservation is misleading or false (for example, in relation to the identity of any guest or the purpose of the stay).<\/li>\n\n\n\n<li>The Hostel reasonably believes that fulfilling the Booking might negatively affect the reputation or operation of the Hostel.<\/li>\n\n\n\n<li>Furthermore, Whale Tales Hostel may cancel the booking at any time if the Hostel or the booked room(s)\/bed(s) are unavailable due to circumstances beyond the Hostel&#039;s control (including, without limitation: extremely adverse weather conditions, strikes, epidemics or pandemics, any law or measure adopted by a government or public authority, natural disasters), in which case the Hostel (at its option) will offer the guest a refund or the option to rebook for another date (subject to availability) at no additional charge.<\/li>\n<\/ul>\n\n\n\n<div class=\"wp-block-uagb-advanced-heading uagb-block-74f051ea\"><h4 class=\"uagb-heading-text\"><mark style=\"background-color:rgba(0, 0, 0, 0)\" class=\"has-inline-color has-ast-global-color-5-color\">You made your booking through an external website or an online travel agency:<\/mark><\/h4><\/div>\n\n\n\n<p class=\"has-ast-global-color-3-color has-text-color has-link-color wp-elements-9bbcc00a6bb1e4a38e85aed4b0b33c74\">If you choose not to book directly with us, but instead to reserve your stay via a third party website or online travel agency, we recommend you to check the cancellation policy on their website or on your booking confirmation. If you wish to cancel or modify your stay, please contact the third-party website that manages your reservation directly for assistance. Unfortunately, we won\u2019t be able to cancel or modify any bookings that haven\u2019t been made via Whale Tales Hostel's own official channels.<\/p>\n\n\n\n<p class=\"has-ast-global-color-3-color has-text-color has-link-color wp-elements-acee83a46e0743195d29f27c2bc6e7f8\"><strong>For a direct and personal service, we recommend you to book via our own channels directly instead of opting for an online travel agency.<\/strong><\/p>\n<\/div>\n<\/div><\/div>","protected":false},"excerpt":{"rendered":"<p>politicas de cancelaci\u00f3n cuando no puedes ir a Baja Para obtener una descripci\u00f3n completa de todos nuestros t\u00e9rminos y condiciones, incluida la pol\u00edtica de cancelaci\u00f3n, consulte nuestra p\u00e1gina de T\u00e9rminos y condiciones. Al realizar una reserva, usted acepta cumplir con todos los T\u00e9rminos y condiciones. Reserva no reembolsable Cuando el hu\u00e9sped est\u00e1 100 % seguro [&hellip;]<\/p>\n","protected":false},"author":1,"featured_media":0,"parent":0,"menu_order":0,"comment_status":"closed","ping_status":"closed","template":"","meta":{"_uag_custom_page_level_css":"","site-sidebar-layout":"default","site-content-layout":"","ast-site-content-layout":"default","site-content-style":"default","site-sidebar-style":"default","ast-global-header-display":"","ast-banner-title-visibility":"","ast-main-header-display":"","ast-hfb-above-header-display":"","ast-hfb-below-header-display":"","ast-hfb-mobile-header-display":"","site-post-title":"disabled","ast-breadcrumbs-content":"","ast-featured-img":"","footer-sml-layout":"","ast-disable-related-posts":"","theme-transparent-header-meta":"","adv-header-id-meta":"","stick-header-meta":"","header-above-stick-meta":"","header-main-stick-meta":"","header-below-stick-meta":"","astra-migrate-meta-layouts":"set","ast-page-background-enabled":"default","ast-page-background-meta":{"desktop":{"background-color":"var(--ast-global-color-4)","background-image":"","background-repeat":"repeat","background-position":"center center","background-size":"auto","background-attachment":"scroll","background-type":"","background-media":"","overlay-type":"","overlay-color":"","overlay-opacity":"","overlay-gradient":""},"tablet":{"background-color":"","background-image":"","background-repeat":"repeat","background-position":"center center","background-size":"auto","background-attachment":"scroll","background-type":"","background-media":"","overlay-type":"","overlay-color":"","overlay-opacity":"","overlay-gradient":""},"mobile":{"background-color":"","background-image":"","background-repeat":"repeat","background-position":"center center","background-size":"auto","background-attachment":"scroll","background-type":"","background-media":"","overlay-type":"","overlay-color":"","overlay-opacity":"","overlay-gradient":""}},"ast-content-background-meta":{"desktop":{"background-color":"var(--ast-global-color-5)","background-image":"","background-repeat":"repeat","background-position":"center center","background-size":"auto","background-attachment":"scroll","background-type":"","background-media":"","overlay-type":"","overlay-color":"","overlay-opacity":"","overlay-gradient":""},"tablet":{"background-color":"var(--ast-global-color-5)","background-image":"","background-repeat":"repeat","background-position":"center center","background-size":"auto","background-attachment":"scroll","background-type":"","background-media":"","overlay-type":"","overlay-color":"","overlay-opacity":"","overlay-gradient":""},"mobile":{"background-color":"var(--ast-global-color-5)","background-image":"","background-repeat":"repeat","background-position":"center center","background-size":"auto","background-attachment":"scroll","background-type":"","background-media":"","overlay-type":"","overlay-color":"","overlay-opacity":"","overlay-gradient":""}},"footnotes":""},"class_list":["post-1044","page","type-page","status-publish","hentry"],"uagb_featured_image_src":{"full":false,"thumbnail":false,"medium":false,"medium_large":false,"large":false,"1536x1536":false,"2048x2048":false,"trp-custom-language-flag":false},"uagb_author_info":{"display_name":"whaletaleshostel","author_link":"https:\/\/whaletaleshostel.com\/en\/author\/whaletaleshostel\/"},"uagb_comment_info":0,"uagb_excerpt":"politicas de cancelaci\u00f3n cuando no puedes ir a Baja Para obtener una descripci\u00f3n completa de todos nuestros t\u00e9rminos y condiciones, incluida la pol\u00edtica de cancelaci\u00f3n, consulte nuestra p\u00e1gina de T\u00e9rminos y condiciones. Al realizar una reserva, usted acepta cumplir con todos los T\u00e9rminos y condiciones. Reserva no reembolsable Cuando el hu\u00e9sped est\u00e1 100 % seguro&hellip;","_links":{"self":[{"href":"https:\/\/whaletaleshostel.com\/en\/wp-json\/wp\/v2\/pages\/1044","targetHints":{"allow":["GET"]}}],"collection":[{"href":"https:\/\/whaletaleshostel.com\/en\/wp-json\/wp\/v2\/pages"}],"about":[{"href":"https:\/\/whaletaleshostel.com\/en\/wp-json\/wp\/v2\/types\/page"}],"author":[{"embeddable":true,"href":"https:\/\/whaletaleshostel.com\/en\/wp-json\/wp\/v2\/users\/1"}],"replies":[{"embeddable":true,"href":"https:\/\/whaletaleshostel.com\/en\/wp-json\/wp\/v2\/comments?post=1044"}],"version-history":[{"count":16,"href":"https:\/\/whaletaleshostel.com\/en\/wp-json\/wp\/v2\/pages\/1044\/revisions"}],"predecessor-version":[{"id":2918,"href":"https:\/\/whaletaleshostel.com\/en\/wp-json\/wp\/v2\/pages\/1044\/revisions\/2918"}],"wp:attachment":[{"href":"https:\/\/whaletaleshostel.com\/en\/wp-json\/wp\/v2\/media?parent=1044"}],"curies":[{"name":"wp","href":"https:\/\/api.w.org\/{rel}","templated":true}]}}