{"id":1311,"date":"2025-08-22T03:27:45","date_gmt":"2025-08-22T01:27:45","guid":{"rendered":"https:\/\/whaletaleshostel.com\/?page_id=1311"},"modified":"2026-04-09T12:29:13","modified_gmt":"2026-04-09T19:29:13","slug":"ubicacion","status":"publish","type":"page","link":"https:\/\/whaletaleshostel.com\/en\/ubicacion\/","title":{"rendered":"Location"},"content":{"rendered":"<div class=\"wp-block-uagb-container uagb-block-ffa081cd alignfull uagb-is-root-container\"><\/div>\n\n\n\n<div class=\"wp-block-uagb-container uagb-layout-flex uagb-block-395f69b9 alignfull uagb-is-root-container\"><div class=\"uagb-container-inner-blocks-wrap\">\n<div class=\"wp-block-uagb-container uagb-block-80270092\">\n<div class=\"wp-block-uagb-advanced-heading uagb-block-5d255cf4\"><h3 class=\"uagb-heading-text\">our location<\/h3><p class=\"uagb-desc-text\"><strong><mark style=\"background-color:rgba(0, 0, 0, 0)\" class=\"has-inline-color has-ast-global-color-5-color\">where to find your travel family<\/mark><\/strong><\/p><\/div>\n\n\n\n<p>We&#039;re located in the quiet and safe Rosarito neighborhood, right next to the historic center of San Jos\u00e9 del Cabo. This area is known for being home to several families from Los Cabos*, who may or may not be directly related to our owner, Bryant. Just one block away, you&#039;ll find a bakery, a gym, a pharmacy, a pastry shop, and several local restaurants at very affordable prices. And don&#039;t forget the OXXO convenience store on the corner, in case you need a late-night snack. With the public bus stop just one block away and the historic center of San Jos\u00e9 del Cabo a short walk, Whale Tales Hostel is the perfect starting point for experiencing the best of Los Cabos (without breaking the bank).<\/p>\n\n\n\n<div class=\"wp-block-columns is-layout-flex wp-container-core-columns-is-layout-28f84493 wp-block-columns-is-layout-flex\">\n<div class=\"wp-block-column is-layout-flow wp-block-column-is-layout-flow\"><\/div>\n\n\n\n<div class=\"wp-block-column is-vertically-aligned-center is-layout-flow wp-block-column-is-layout-flow\" style=\"flex-basis:750px\">\n<div class=\"wp-block-uagb-icon-list uagb-block-f9bbbb7a\"><div class=\"uagb-icon-list__wrap\">\n<div class=\"wp-block-uagb-icon-list-child uagb-block-7bc2f9ee\"><span class=\"uagb-icon-list__source-wrap\"><svg xmlns=\"https:\/\/www.w3.org\/2000\/svg\" viewbox=\"0 0 448 512\"><path d=\"M417.1 368c-5.937 10.27-16.69 16-27.75 16c-5.422 0-10.92-1.375-15.97-4.281L256 311.4V448c0 17.67-14.33 32-31.1 32S192 465.7 192 448V311.4l-118.3 68.29C68.67 382.6 63.17 384 57.75 384c-11.06 0-21.81-5.734-27.75-16c-8.828-15.31-3.594-34.88 11.72-43.72L159.1 256L41.72 187.7C26.41 178.9 21.17 159.3 29.1 144C36.63 132.5 49.26 126.7 61.65 128.2C65.78 128.7 69.88 130.1 73.72 132.3L192 200.6V64c0-17.67 14.33-32 32-32S256 46.33 256 64v136.6l118.3-68.29c3.838-2.213 7.939-3.539 12.07-4.051C398.7 126.7 411.4 132.5 417.1 144c8.828 15.31 3.594 34.88-11.72 43.72L288 256l118.3 68.28C421.6 333.1 426.8 352.7 417.1 368z\"><\/path><\/svg><\/span><span class=\"uagb-icon-list__label\">in <strong>Rosarito<\/strong>A quiet, authentic, and safe neighborhood<\/span><\/div>\n\n\n\n<div class=\"wp-block-uagb-icon-list-child uagb-block-d8e72438\"><span class=\"uagb-icon-list__source-wrap\"><svg xmlns=\"https:\/\/www.w3.org\/2000\/svg\" viewbox=\"0 0 448 512\"><path d=\"M417.1 368c-5.937 10.27-16.69 16-27.75 16c-5.422 0-10.92-1.375-15.97-4.281L256 311.4V448c0 17.67-14.33 32-31.1 32S192 465.7 192 448V311.4l-118.3 68.29C68.67 382.6 63.17 384 57.75 384c-11.06 0-21.81-5.734-27.75-16c-8.828-15.31-3.594-34.88 11.72-43.72L159.1 256L41.72 187.7C26.41 178.9 21.17 159.3 29.1 144C36.63 132.5 49.26 126.7 61.65 128.2C65.78 128.7 69.88 130.1 73.72 132.3L192 200.6V64c0-17.67 14.33-32 32-32S256 46.33 256 64v136.6l118.3-68.29c3.838-2.213 7.939-3.539 12.07-4.051C398.7 126.7 411.4 132.5 417.1 144c8.828 15.31 3.594 34.88-11.72 43.72L288 256l118.3 68.28C421.6 333.1 426.8 352.7 417.1 368z\"><\/path><\/svg><\/span><span class=\"uagb-icon-list__label\">located at <strong>15-minute walk from the historic center <\/strong>and artistic of San Jos\u00e9 del Cabo.<\/span><\/div>\n\n\n\n<div class=\"wp-block-uagb-icon-list-child uagb-block-23990db4\"><span class=\"uagb-icon-list__source-wrap\"><svg xmlns=\"https:\/\/www.w3.org\/2000\/svg\" viewbox=\"0 0 448 512\"><path d=\"M417.1 368c-5.937 10.27-16.69 16-27.75 16c-5.422 0-10.92-1.375-15.97-4.281L256 311.4V448c0 17.67-14.33 32-31.1 32S192 465.7 192 448V311.4l-118.3 68.29C68.67 382.6 63.17 384 57.75 384c-11.06 0-21.81-5.734-27.75-16c-8.828-15.31-3.594-34.88 11.72-43.72L159.1 256L41.72 187.7C26.41 178.9 21.17 159.3 29.1 144C36.63 132.5 49.26 126.7 61.65 128.2C65.78 128.7 69.88 130.1 73.72 132.3L192 200.6V64c0-17.67 14.33-32 32-32S256 46.33 256 64v136.6l118.3-68.29c3.838-2.213 7.939-3.539 12.07-4.051C398.7 126.7 411.4 132.5 417.1 144c8.828 15.31 3.594 34.88-11.72 43.72L288 256l118.3 68.28C421.6 333.1 426.8 352.7 417.1 368z\"><\/path><\/svg><\/span><span class=\"uagb-icon-list__label\"><strong>surrounded by restaurants, bars and shops <\/strong>at affordable prices<\/span><\/div>\n\n\n\n<div class=\"wp-block-uagb-icon-list-child uagb-block-8271fb27\"><span class=\"uagb-icon-list__source-wrap\"><svg xmlns=\"https:\/\/www.w3.org\/2000\/svg\" viewbox=\"0 0 448 512\"><path d=\"M417.1 368c-5.937 10.27-16.69 16-27.75 16c-5.422 0-10.92-1.375-15.97-4.281L256 311.4V448c0 17.67-14.33 32-31.1 32S192 465.7 192 448V311.4l-118.3 68.29C68.67 382.6 63.17 384 57.75 384c-11.06 0-21.81-5.734-27.75-16c-8.828-15.31-3.594-34.88 11.72-43.72L159.1 256L41.72 187.7C26.41 178.9 21.17 159.3 29.1 144C36.63 132.5 49.26 126.7 61.65 128.2C65.78 128.7 69.88 130.1 73.72 132.3L192 200.6V64c0-17.67 14.33-32 32-32S256 46.33 256 64v136.6l118.3-68.29c3.838-2.213 7.939-3.539 12.07-4.051C398.7 126.7 411.4 132.5 417.1 144c8.828 15.31 3.594 34.88-11.72 43.72L288 256l118.3 68.28C421.6 333.1 426.8 352.7 417.1 368z\"><\/path><\/svg><\/span><span class=\"uagb-icon-list__label\"><strong>public transport 2 minutes away<\/strong> \u2013 with stops in Costa Azul, Playa Palmilla, Playa El Chileno, Playa Santa Maria until arriving in Cabo San Lucas<\/span><\/div>\n\n\n\n<div class=\"wp-block-uagb-icon-list-child uagb-block-90313029\"><span class=\"uagb-icon-list__source-wrap\"><svg xmlns=\"https:\/\/www.w3.org\/2000\/svg\" viewbox=\"0 0 448 512\"><path d=\"M417.1 368c-5.937 10.27-16.69 16-27.75 16c-5.422 0-10.92-1.375-15.97-4.281L256 311.4V448c0 17.67-14.33 32-31.1 32S192 465.7 192 448V311.4l-118.3 68.29C68.67 382.6 63.17 384 57.75 384c-11.06 0-21.81-5.734-27.75-16c-8.828-15.31-3.594-34.88 11.72-43.72L159.1 256L41.72 187.7C26.41 178.9 21.17 159.3 29.1 144C36.63 132.5 49.26 126.7 61.65 128.2C65.78 128.7 69.88 130.1 73.72 132.3L192 200.6V64c0-17.67 14.33-32 32-32S256 46.33 256 64v136.6l118.3-68.29c3.838-2.213 7.939-3.539 12.07-4.051C398.7 126.7 411.4 132.5 417.1 144c8.828 15.31 3.594 34.88-11.72 43.72L288 256l118.3 68.28C421.6 333.1 426.8 352.7 417.1 368z\"><\/path><\/svg><\/span><span class=\"uagb-icon-list__label\">just <strong>25 minutes <\/strong>by car<strong> from Los Cabos International Airport<\/strong>.<\/span><\/div>\n<\/div><\/div>\n<\/div>\n\n\n\n<div class=\"wp-block-column is-layout-flow wp-block-column-is-layout-flow\"><\/div>\n<\/div>\n\n\n\n<p class=\"has-ast-global-color-3-color has-text-color has-link-color has-small-font-size wp-elements-38dd6af4ddff07e40c7a47afb2384564\" style=\"text-transform:lowercase\"><em><mark style=\"background-color:rgba(0, 0, 0, 0)\" class=\"has-inline-color has-ast-global-color-0-color\">*<strong>Choyero:<\/strong><\/mark>Choyero is the name for locals who were born in Baja California Sur. Only about 15% of the people in this area were born here. The word refers to the cholla cactus, a particularly prickly desert dweller with an infinite number of fine thorns that like to hitch rides on the pants of those who walk past.<\/em><\/p>\n<\/div>\n<\/div><\/div>\n\n\n\n<div class=\"wp-block-uagb-container uagb-block-1b098bb2 alignfull uagb-is-root-container\">\t\t\t<div \n\t\t\tclass=\"wp-block-uagb-google-map uagb-google-map__wrap uagb-block-e08d0d98\"\n\t\t\tstyle=\"\" >\n\t\t\t\t<embed\n\t\t\t\t\tclass=\"uagb-google-map__iframe\"\n\t\t\t\t\ttitle=\"Google Maps for \"\n\t\t\t\t\tsrc=\"https:\/\/maps.google.com\/maps?q=Whale%20Tales%20Hostel%2C%20San%20Jos%C3%A9%20del%20Cabo&#038;z=12&#038;hl=en&#038;t=m&#038;output=embed&#038;iwloc=near\"\n\t\t\t\t\twidth=\"640\"\n\t\t\t\t\theight=\"300\"\n\t\t\t\t\tloading=\"lazy\"\n\t\t\t\t><\/embed>\n\t\t\t<\/div>\n\t\t\t<\/div>","protected":false},"excerpt":{"rendered":"<p>ubicaci\u00f3n donde encuentras el hostel Estamos ubicados en la tranquila y segura zona de Rosarito, el barrio justo al lado del centro hist\u00f3rico de San Jos\u00e9 del Cabo, conocido por ser el hogar de varias familias choyeras*, que podr\u00edan estar, o no, directamente relacionadas con nuestro propietario Bryant. A solo una calle de distancia encontrar\u00e1s [&hellip;]<\/p>\n","protected":false},"author":1,"featured_media":0,"parent":0,"menu_order":0,"comment_status":"closed","ping_status":"closed","template":"","meta":{"_uag_custom_page_level_css":"","site-sidebar-layout":"default","site-content-layout":"","ast-site-content-layout":"default","site-content-style":"default","site-sidebar-style":"default","ast-global-header-display":"","ast-banner-title-visibility":"","ast-main-header-display":"","ast-hfb-above-header-display":"","ast-hfb-below-header-display":"","ast-hfb-mobile-header-display":"","site-post-title":"disabled","ast-breadcrumbs-content":"","ast-featured-img":"","footer-sml-layout":"","ast-disable-related-posts":"","theme-transparent-header-meta":"","adv-header-id-meta":"","stick-header-meta":"","header-above-stick-meta":"","header-main-stick-meta":"","header-below-stick-meta":"","astra-migrate-meta-layouts":"set","ast-page-background-enabled":"default","ast-page-background-meta":{"desktop":{"background-color":"var(--ast-global-color-4)","background-image":"","background-repeat":"repeat","background-position":"center center","background-size":"auto","background-attachment":"scroll","background-type":"","background-media":"","overlay-type":"","overlay-color":"","overlay-opacity":"","overlay-gradient":""},"tablet":{"background-color":"","background-image":"","background-repeat":"repeat","background-position":"center center","background-size":"auto","background-attachment":"scroll","background-type":"","background-media":"","overlay-type":"","overlay-color":"","overlay-opacity":"","overlay-gradient":""},"mobile":{"background-color":"","background-image":"","background-repeat":"repeat","background-position":"center center","background-size":"auto","background-attachment":"scroll","background-type":"","background-media":"","overlay-type":"","overlay-color":"","overlay-opacity":"","overlay-gradient":""}},"ast-content-background-meta":{"desktop":{"background-color":"var(--ast-global-color-5)","background-image":"","background-repeat":"repeat","background-position":"center center","background-size":"auto","background-attachment":"scroll","background-type":"","background-media":"","overlay-type":"","overlay-color":"","overlay-opacity":"","overlay-gradient":""},"tablet":{"background-color":"var(--ast-global-color-5)","background-image":"","background-repeat":"repeat","background-position":"center center","background-size":"auto","background-attachment":"scroll","background-type":"","background-media":"","overlay-type":"","overlay-color":"","overlay-opacity":"","overlay-gradient":""},"mobile":{"background-color":"var(--ast-global-color-5)","background-image":"","background-repeat":"repeat","background-position":"center center","background-size":"auto","background-attachment":"scroll","background-type":"","background-media":"","overlay-type":"","overlay-color":"","overlay-opacity":"","overlay-gradient":""}},"footnotes":""},"class_list":["post-1311","page","type-page","status-publish","hentry"],"uagb_featured_image_src":{"full":false,"thumbnail":false,"medium":false,"medium_large":false,"large":false,"1536x1536":false,"2048x2048":false,"trp-custom-language-flag":false},"uagb_author_info":{"display_name":"whaletaleshostel","author_link":"https:\/\/whaletaleshostel.com\/en\/author\/whaletaleshostel\/"},"uagb_comment_info":0,"uagb_excerpt":"ubicaci\u00f3n donde encuentras el hostel Estamos ubicados en la tranquila y segura zona de Rosarito, el barrio justo al lado del centro hist\u00f3rico de San Jos\u00e9 del Cabo, conocido por ser el hogar de varias familias choyeras*, que podr\u00edan estar, o no, directamente relacionadas con nuestro propietario Bryant. A solo una calle de distancia encontrar\u00e1s&hellip;","_links":{"self":[{"href":"https:\/\/whaletaleshostel.com\/en\/wp-json\/wp\/v2\/pages\/1311","targetHints":{"allow":["GET"]}}],"collection":[{"href":"https:\/\/whaletaleshostel.com\/en\/wp-json\/wp\/v2\/pages"}],"about":[{"href":"https:\/\/whaletaleshostel.com\/en\/wp-json\/wp\/v2\/types\/page"}],"author":[{"embeddable":true,"href":"https:\/\/whaletaleshostel.com\/en\/wp-json\/wp\/v2\/users\/1"}],"replies":[{"embeddable":true,"href":"https:\/\/whaletaleshostel.com\/en\/wp-json\/wp\/v2\/comments?post=1311"}],"version-history":[{"count":66,"href":"https:\/\/whaletaleshostel.com\/en\/wp-json\/wp\/v2\/pages\/1311\/revisions"}],"predecessor-version":[{"id":3094,"href":"https:\/\/whaletaleshostel.com\/en\/wp-json\/wp\/v2\/pages\/1311\/revisions\/3094"}],"wp:attachment":[{"href":"https:\/\/whaletaleshostel.com\/en\/wp-json\/wp\/v2\/media?parent=1311"}],"curies":[{"name":"wp","href":"https:\/\/api.w.org\/{rel}","templated":true}]}}