{"id":1312,"date":"2025-08-22T03:27:45","date_gmt":"2025-08-22T01:27:45","guid":{"rendered":"https:\/\/whaletaleshostel.com\/?page_id=1312"},"modified":"2026-04-09T12:14:11","modified_gmt":"2026-04-09T19:14:11","slug":"nuestra-historia","status":"publish","type":"page","link":"https:\/\/whaletaleshostel.com\/en\/nuestra-historia\/","title":{"rendered":"About us"},"content":{"rendered":"<div class=\"wp-block-uagb-container uagb-block-2672a983 alignfull uagb-is-root-container\"><\/div>\n\n\n\n<div class=\"wp-block-uagb-container uagb-layout-flex uagb-block-395f69b9 alignfull uagb-is-root-container\"><div class=\"uagb-container-inner-blocks-wrap\">\n<div class=\"wp-block-uagb-container uagb-block-80270092\">\n<div class=\"wp-block-uagb-advanced-heading uagb-block-5d255cf4\"><h3 class=\"uagb-heading-text\">About us<\/h3><\/div>\n\n\n\n<div class=\"wp-block-uagb-advanced-heading uagb-block-40f3dab5\"><p class=\"uagb-heading-text\">from travelers for travelers<\/p><\/div>\n\n\n\n<div class=\"wp-block-uagb-container uagb-block-e21ecbf8\">\n<div class=\"wp-block-columns is-layout-flex wp-container-core-columns-is-layout-28f84493 wp-block-columns-is-layout-flex\">\n<div class=\"wp-block-column is-vertically-aligned-center is-layout-flow wp-block-column-is-layout-flow\" style=\"flex-basis:250px\">\n<figure class=\"wp-block-image aligncenter size-full has-custom-border is-style-rounded\" style=\"margin-top:0;margin-right:0;margin-bottom:0;margin-left:0\"><img loading=\"lazy\" decoding=\"async\" width=\"2560\" height=\"2560\" src=\"https:\/\/whaletaleshostel.com\/wp-content\/uploads\/2025\/10\/BryAnke_logo-shape-3-scaled.png\" alt=\"\" class=\"wp-image-2056\" style=\"border-style:none;border-width:0px;border-radius:1200px\" srcset=\"https:\/\/whaletaleshostel.com\/wp-content\/uploads\/2025\/10\/BryAnke_logo-shape-3-scaled.png 2560w, https:\/\/whaletaleshostel.com\/wp-content\/uploads\/2025\/10\/BryAnke_logo-shape-3-300x300.png 300w, https:\/\/whaletaleshostel.com\/wp-content\/uploads\/2025\/10\/BryAnke_logo-shape-3-1024x1024.png 1024w, https:\/\/whaletaleshostel.com\/wp-content\/uploads\/2025\/10\/BryAnke_logo-shape-3-150x150.png 150w, https:\/\/whaletaleshostel.com\/wp-content\/uploads\/2025\/10\/BryAnke_logo-shape-3-768x768.png 768w, https:\/\/whaletaleshostel.com\/wp-content\/uploads\/2025\/10\/BryAnke_logo-shape-3-1536x1536.png 1536w\" sizes=\"auto, (max-width: 2560px) 100vw, 2560px\" \/><\/figure>\n<\/div>\n\n\n\n<div class=\"wp-block-column is-layout-flow wp-block-column-is-layout-flow\">\n<div class=\"wp-block-uagb-advanced-heading uagb-block-95bca091\"><p class=\"uagb-heading-text\"><strong><mark style=\"background-color:rgba(0, 0, 0, 0)\" class=\"has-inline-color has-ast-global-color-2-color\">Hola! Hallo! <\/mark><\/strong><\/p><\/div>\n\n\n\n<p>We are <strong><mark style=\"background-color:rgba(0, 0, 0, 0)\" class=\"has-inline-color has-ast-global-color-5-color\">Bryant and Anke<\/mark><\/strong>, a Mexican-Belgian combo, and we would love to welcome you into our home: a small slice of paradise called Whale Tales hostel. Our family run hostel is located in San Jos\u00e9 del Cabo, the artsy half of the Los Cabos duo where desert meets the sea and the Pacific Ocean meets the aquarium of the world. Pretty awesome place if you ask us!<\/p>\n\n\n\n<div class=\"wp-block-uagb-advanced-heading uagb-block-8d34dc7f\"><p class=\"uagb-heading-text\"><strong><mark style=\"background-color:rgba(0, 0, 0, 0)\" class=\"has-inline-color has-ast-global-color-2-color\">Why did we start a hostel?<\/mark><\/strong><\/p><\/div>\n\n\n\n<p>When meeting, we discovered that both of us had always dreamed of opening up our own hostel! Funnily how things work out sometimes, won\u2019t you think? With Bryant, born with a lust for adventure and forever trying out new small business concepts in Mexico City &amp; Anke, polyglot and world-traveler with a decade of experience in the hospitality business, a match was made in heaven. According to us, at least.<\/p>\n<\/div>\n<\/div>\n<\/div>\n\n\n\n<p class=\"has-ast-global-color-3-color has-text-color has-link-color wp-elements-798cd507b9b91f8a2963eedc5125cbb0\">Los Cabos &amp; la Baja has so much more to offer besides the luxurious-exclusive type of tourism that\u2019s marketed to us: it has amazing beaches, a diverse cultural history, incredible nature and a ton of outdoor experiences. Plus on top of that, a serious lack of quality budget accommodation. All this combined, we quickly made up our minds and the idea of Whale Tales hostel saw the light of day.&nbsp;<\/p>\n\n\n\n<div class=\"wp-block-uagb-advanced-heading uagb-block-e0b6b313\"><p class=\"uagb-heading-text\">What is Whale Tales Hostel?<\/p><\/div>\n\n\n\n<p class=\"has-ast-global-color-3-color has-text-color has-link-color wp-elements-1fb805967b39b2a38e9d676a1c554901\" style=\"margin-top:0;margin-right:0;margin-bottom:0;margin-left:0\"><strong><mark style=\"background-color:rgba(0, 0, 0, 0)\" class=\"has-inline-color has-ast-global-color-5-color\">Whale Tales hostel is not only our home in San Jos\u00e9 del Cabo, but also yours!<\/mark>&nbsp; <\/strong>For us, traveling means discovering new things, whether it be places, languages, skills or cultures. It means meeting people and making friends, sharing experiences and caring for the places you visit along the way.&nbsp;<\/p>\n\n\n\n<p class=\"has-ast-global-color-3-color has-text-color has-link-color wp-elements-9d358483ca1745e4bb4a98b5b62a022c\" style=\"margin-top:0;margin-right:0;margin-bottom:0;margin-left:0\">We aim for Whale Tale hostel to be a place where backpackers, budget travelers, solo-travelers, adventurous couples or just anyone who is eager to explore Baja California Sur finds a base, a sense of community, a home away from home. Our hostel hopes to be an accessible meeting place for people from different cultures, who have fun exploring the area and sharing experiences, while being conscious visitors in Baja California Sur and beyond.&nbsp;<\/p>\n\n\n\n<p style=\"margin-top:0;margin-right:0;margin-bottom:0;margin-left:0\">Together with you, we strive for a Baja full with great vibes, with a respect for the local way of life and the rhythm of nature, a Baja to nurture and cherish, where you always find a home away from home in Whale Tales hostel. <mark style=\"background-color:rgba(0, 0, 0, 0)\" class=\"has-inline-color has-ast-global-color-2-color\"><strong>See you soon?&nbsp;<\/strong><\/mark><\/p>\n<\/div>\n<\/div><\/div>","protected":false},"excerpt":{"rendered":"<p>Nuestra historia de viajeros para viajeros \u00a1Hola, Hola! Somos Bryant y Anke, un combo mexicano-belga, y nos encantar\u00eda darte la bienvenida a nuestro hogar: un peque\u00f1o pedazo de para\u00edso llamado Whale Tales Hostel. Nuestro hostal familiar est\u00e1 ubicado en San Jos\u00e9 del Cabo, la parte art\u00edstica de Los Cabos, donde el desierto se encuentra con [&hellip;]<\/p>\n","protected":false},"author":1,"featured_media":0,"parent":0,"menu_order":0,"comment_status":"closed","ping_status":"closed","template":"","meta":{"_uag_custom_page_level_css":"","site-sidebar-layout":"default","site-content-layout":"","ast-site-content-layout":"default","site-content-style":"default","site-sidebar-style":"default","ast-global-header-display":"","ast-banner-title-visibility":"","ast-main-header-display":"","ast-hfb-above-header-display":"","ast-hfb-below-header-display":"","ast-hfb-mobile-header-display":"","site-post-title":"disabled","ast-breadcrumbs-content":"","ast-featured-img":"","footer-sml-layout":"","ast-disable-related-posts":"","theme-transparent-header-meta":"","adv-header-id-meta":"","stick-header-meta":"","header-above-stick-meta":"","header-main-stick-meta":"","header-below-stick-meta":"","astra-migrate-meta-layouts":"set","ast-page-background-enabled":"default","ast-page-background-meta":{"desktop":{"background-color":"var(--ast-global-color-4)","background-image":"","background-repeat":"repeat","background-position":"center center","background-size":"auto","background-attachment":"scroll","background-type":"","background-media":"","overlay-type":"","overlay-color":"","overlay-opacity":"","overlay-gradient":""},"tablet":{"background-color":"","background-image":"","background-repeat":"repeat","background-position":"center center","background-size":"auto","background-attachment":"scroll","background-type":"","background-media":"","overlay-type":"","overlay-color":"","overlay-opacity":"","overlay-gradient":""},"mobile":{"background-color":"","background-image":"","background-repeat":"repeat","background-position":"center center","background-size":"auto","background-attachment":"scroll","background-type":"","background-media":"","overlay-type":"","overlay-color":"","overlay-opacity":"","overlay-gradient":""}},"ast-content-background-meta":{"desktop":{"background-color":"var(--ast-global-color-5)","background-image":"","background-repeat":"repeat","background-position":"center center","background-size":"auto","background-attachment":"scroll","background-type":"","background-media":"","overlay-type":"","overlay-color":"","overlay-opacity":"","overlay-gradient":""},"tablet":{"background-color":"var(--ast-global-color-5)","background-image":"","background-repeat":"repeat","background-position":"center center","background-size":"auto","background-attachment":"scroll","background-type":"","background-media":"","overlay-type":"","overlay-color":"","overlay-opacity":"","overlay-gradient":""},"mobile":{"background-color":"var(--ast-global-color-5)","background-image":"","background-repeat":"repeat","background-position":"center center","background-size":"auto","background-attachment":"scroll","background-type":"","background-media":"","overlay-type":"","overlay-color":"","overlay-opacity":"","overlay-gradient":""}},"footnotes":""},"class_list":["post-1312","page","type-page","status-publish","hentry"],"uagb_featured_image_src":{"full":false,"thumbnail":false,"medium":false,"medium_large":false,"large":false,"1536x1536":false,"2048x2048":false,"trp-custom-language-flag":false},"uagb_author_info":{"display_name":"whaletaleshostel","author_link":"https:\/\/whaletaleshostel.com\/en\/author\/whaletaleshostel\/"},"uagb_comment_info":0,"uagb_excerpt":"Nuestra historia de viajeros para viajeros \u00a1Hola, Hola! Somos Bryant y Anke, un combo mexicano-belga, y nos encantar\u00eda darte la bienvenida a nuestro hogar: un peque\u00f1o pedazo de para\u00edso llamado Whale Tales Hostel. Nuestro hostal familiar est\u00e1 ubicado en San Jos\u00e9 del Cabo, la parte art\u00edstica de Los Cabos, donde el desierto se encuentra con&hellip;","_links":{"self":[{"href":"https:\/\/whaletaleshostel.com\/en\/wp-json\/wp\/v2\/pages\/1312","targetHints":{"allow":["GET"]}}],"collection":[{"href":"https:\/\/whaletaleshostel.com\/en\/wp-json\/wp\/v2\/pages"}],"about":[{"href":"https:\/\/whaletaleshostel.com\/en\/wp-json\/wp\/v2\/types\/page"}],"author":[{"embeddable":true,"href":"https:\/\/whaletaleshostel.com\/en\/wp-json\/wp\/v2\/users\/1"}],"replies":[{"embeddable":true,"href":"https:\/\/whaletaleshostel.com\/en\/wp-json\/wp\/v2\/comments?post=1312"}],"version-history":[{"count":42,"href":"https:\/\/whaletaleshostel.com\/en\/wp-json\/wp\/v2\/pages\/1312\/revisions"}],"predecessor-version":[{"id":3084,"href":"https:\/\/whaletaleshostel.com\/en\/wp-json\/wp\/v2\/pages\/1312\/revisions\/3084"}],"wp:attachment":[{"href":"https:\/\/whaletaleshostel.com\/en\/wp-json\/wp\/v2\/media?parent=1312"}],"curies":[{"name":"wp","href":"https:\/\/api.w.org\/{rel}","templated":true}]}}