{"id":779,"date":"2025-04-14T22:11:18","date_gmt":"2025-04-14T20:11:18","guid":{"rendered":"https:\/\/whaletaleshostel.com\/?page_id=779"},"modified":"2026-01-25T14:22:31","modified_gmt":"2026-01-25T21:22:31","slug":"camping","status":"publish","type":"page","link":"https:\/\/whaletaleshostel.com\/en\/camping\/","title":{"rendered":"Camping"},"content":{"rendered":"<div class=\"wp-block-uagb-container uagb-block-7ade265f alignfull uagb-is-root-container\"><\/div>\n\n\n\n<div class=\"wp-block-uagb-container uagb-block-9c4840eb alignfull uagb-is-root-container\">\n<div class=\"wp-block-media-text alignwide is-stacked-on-mobile\"><figure class=\"wp-block-media-text__media\"><img loading=\"lazy\" decoding=\"async\" width=\"1024\" height=\"683\" src=\"https:\/\/whaletaleshostel.com\/wp-content\/uploads\/2025\/12\/Camping-Spot_01-1024x683.jpg\" alt=\"\" class=\"wp-image-2818 size-full\" srcset=\"https:\/\/whaletaleshostel.com\/wp-content\/uploads\/2025\/12\/Camping-Spot_01-1024x683.jpg 1024w, https:\/\/whaletaleshostel.com\/wp-content\/uploads\/2025\/12\/Camping-Spot_01-300x200.jpg 300w, https:\/\/whaletaleshostel.com\/wp-content\/uploads\/2025\/12\/Camping-Spot_01-768x512.jpg 768w, https:\/\/whaletaleshostel.com\/wp-content\/uploads\/2025\/12\/Camping-Spot_01-1536x1024.jpg 1536w, https:\/\/whaletaleshostel.com\/wp-content\/uploads\/2025\/12\/Camping-Spot_01-2048x1365.jpg 2048w, https:\/\/whaletaleshostel.com\/wp-content\/uploads\/2025\/12\/Camping-Spot_01-18x12.jpg 18w\" sizes=\"auto, (max-width: 1024px) 100vw, 1024px\" \/><\/figure><div class=\"wp-block-media-text__content\">\n<h4 class=\"wp-block-heading has-text-align-center\">Camping spot<\/h4>\n\n\n\n<p style=\"border-right-style:none;border-right-width:0px;margin-right:0rem;margin-left:0rem;padding-right:var(--wp--preset--spacing--40);padding-left:var(--wp--preset--spacing--40)\">For those of you going wherever the wind takes you and your beloved tent, we have a tiny camping spot available for you in our city garden.<\/p>\n\n\n\n<p style=\"border-right-style:none;border-right-width:0px;margin-right:0px;margin-left:0px;padding-right:var(--wp--preset--spacing--40);padding-left:var(--wp--preset--spacing--40)\">Since we\u2019re a small family run hostel, we won\u2019t have much space available for the most outdoorsy amongst you, but we\u2019ll reserve you a spot to pitch your tent, with the use of all our shared facilities included and a yummy breakfast to boost.&nbsp;<\/p>\n\n\n\n<div class=\"wp-block-uagb-icon-list uagb-block-dfd33299\"><div class=\"uagb-icon-list__wrap\">\n<div class=\"wp-block-uagb-icon-list-child uagb-block-cecfe220\"><span class=\"uagb-icon-list__source-wrap\"><svg xmlns=\"https:\/\/www.w3.org\/2000\/svg\" viewbox=\"0 0 448 512\"><path d=\"M417.1 368c-5.937 10.27-16.69 16-27.75 16c-5.422 0-10.92-1.375-15.97-4.281L256 311.4V448c0 17.67-14.33 32-31.1 32S192 465.7 192 448V311.4l-118.3 68.29C68.67 382.6 63.17 384 57.75 384c-11.06 0-21.81-5.734-27.75-16c-8.828-15.31-3.594-34.88 11.72-43.72L159.1 256L41.72 187.7C26.41 178.9 21.17 159.3 29.1 144C36.63 132.5 49.26 126.7 61.65 128.2C65.78 128.7 69.88 130.1 73.72 132.3L192 200.6V64c0-17.67 14.33-32 32-32S256 46.33 256 64v136.6l118.3-68.29c3.838-2.213 7.939-3.539 12.07-4.051C398.7 126.7 411.4 132.5 417.1 144c8.828 15.31 3.594 34.88-11.72 43.72L288 256l118.3 68.28C421.6 333.1 426.8 352.7 417.1 368z\"><\/path><\/svg><\/span><span class=\"uagb-icon-list__label\">Spot to pitch your tent<\/span><\/div>\n\n\n\n<div class=\"wp-block-uagb-icon-list-child uagb-block-ab57f6fa\"><span class=\"uagb-icon-list__source-wrap\"><svg xmlns=\"https:\/\/www.w3.org\/2000\/svg\" viewbox=\"0 0 448 512\"><path d=\"M417.1 368c-5.937 10.27-16.69 16-27.75 16c-5.422 0-10.92-1.375-15.97-4.281L256 311.4V448c0 17.67-14.33 32-31.1 32S192 465.7 192 448V311.4l-118.3 68.29C68.67 382.6 63.17 384 57.75 384c-11.06 0-21.81-5.734-27.75-16c-8.828-15.31-3.594-34.88 11.72-43.72L159.1 256L41.72 187.7C26.41 178.9 21.17 159.3 29.1 144C36.63 132.5 49.26 126.7 61.65 128.2C65.78 128.7 69.88 130.1 73.72 132.3L192 200.6V64c0-17.67 14.33-32 32-32S256 46.33 256 64v136.6l118.3-68.29c3.838-2.213 7.939-3.539 12.07-4.051C398.7 126.7 411.4 132.5 417.1 144c8.828 15.31 3.594 34.88-11.72 43.72L288 256l118.3 68.28C421.6 333.1 426.8 352.7 417.1 368z\"><\/path><\/svg><\/span><span class=\"uagb-icon-list__label\">Starlink Wi-Fi<\/span><\/div>\n\n\n\n<div class=\"wp-block-uagb-icon-list-child uagb-block-fab07158\"><span class=\"uagb-icon-list__source-wrap\"><svg xmlns=\"https:\/\/www.w3.org\/2000\/svg\" viewbox=\"0 0 448 512\"><path d=\"M417.1 368c-5.937 10.27-16.69 16-27.75 16c-5.422 0-10.92-1.375-15.97-4.281L256 311.4V448c0 17.67-14.33 32-31.1 32S192 465.7 192 448V311.4l-118.3 68.29C68.67 382.6 63.17 384 57.75 384c-11.06 0-21.81-5.734-27.75-16c-8.828-15.31-3.594-34.88 11.72-43.72L159.1 256L41.72 187.7C26.41 178.9 21.17 159.3 29.1 144C36.63 132.5 49.26 126.7 61.65 128.2C65.78 128.7 69.88 130.1 73.72 132.3L192 200.6V64c0-17.67 14.33-32 32-32S256 46.33 256 64v136.6l118.3-68.29c3.838-2.213 7.939-3.539 12.07-4.051C398.7 126.7 411.4 132.5 417.1 144c8.828 15.31 3.594 34.88-11.72 43.72L288 256l118.3 68.28C421.6 333.1 426.8 352.7 417.1 368z\"><\/path><\/svg><\/span><span class=\"uagb-icon-list__label\">Shared bathroom<\/span><\/div>\n\n\n\n<div class=\"wp-block-uagb-icon-list-child uagb-block-28d6a249\"><span class=\"uagb-icon-list__source-wrap\"><svg xmlns=\"https:\/\/www.w3.org\/2000\/svg\" viewbox=\"0 0 448 512\"><path d=\"M417.1 368c-5.937 10.27-16.69 16-27.75 16c-5.422 0-10.92-1.375-15.97-4.281L256 311.4V448c0 17.67-14.33 32-31.1 32S192 465.7 192 448V311.4l-118.3 68.29C68.67 382.6 63.17 384 57.75 384c-11.06 0-21.81-5.734-27.75-16c-8.828-15.31-3.594-34.88 11.72-43.72L159.1 256L41.72 187.7C26.41 178.9 21.17 159.3 29.1 144C36.63 132.5 49.26 126.7 61.65 128.2C65.78 128.7 69.88 130.1 73.72 132.3L192 200.6V64c0-17.67 14.33-32 32-32S256 46.33 256 64v136.6l118.3-68.29c3.838-2.213 7.939-3.539 12.07-4.051C398.7 126.7 411.4 132.5 417.1 144c8.828 15.31 3.594 34.88-11.72 43.72L288 256l118.3 68.28C421.6 333.1 426.8 352.7 417.1 368z\"><\/path><\/svg><\/span><span class=\"uagb-icon-list__label\">Free Towel \/ <em>deposit required<\/em><\/span><\/div>\n\n\n\n<div class=\"wp-block-uagb-icon-list-child uagb-block-4657f976\"><span class=\"uagb-icon-list__source-wrap\"><svg xmlns=\"https:\/\/www.w3.org\/2000\/svg\" viewbox=\"0 0 448 512\"><path d=\"M417.1 368c-5.937 10.27-16.69 16-27.75 16c-5.422 0-10.92-1.375-15.97-4.281L256 311.4V448c0 17.67-14.33 32-31.1 32S192 465.7 192 448V311.4l-118.3 68.29C68.67 382.6 63.17 384 57.75 384c-11.06 0-21.81-5.734-27.75-16c-8.828-15.31-3.594-34.88 11.72-43.72L159.1 256L41.72 187.7C26.41 178.9 21.17 159.3 29.1 144C36.63 132.5 49.26 126.7 61.65 128.2C65.78 128.7 69.88 130.1 73.72 132.3L192 200.6V64c0-17.67 14.33-32 32-32S256 46.33 256 64v136.6l118.3-68.29c3.838-2.213 7.939-3.539 12.07-4.051C398.7 126.7 411.4 132.5 417.1 144c8.828 15.31 3.594 34.88-11.72 43.72L288 256l118.3 68.28C421.6 333.1 426.8 352.7 417.1 368z\"><\/path><\/svg><\/span><span class=\"uagb-icon-list__label\">Breakfast included<\/span><\/div>\n<\/div><\/div>\n\n\n\n<p><\/p>\n\n\n\n<p style=\"border-right-style:none;border-right-width:0px;margin-right:0px;margin-left:0px;padding-right:var(--wp--preset--spacing--40);padding-left:var(--wp--preset--spacing--40)\"><strong>Let us know via Whatsapp, phone call or email if you'd like to reserve a spot to pitch your tent!<\/strong><\/p>\n<\/div><\/div>\n<\/div>","protected":false},"excerpt":{"rendered":"<p>\u00bfListo para acampar? Para aquellos que van donde el viento los lleva con su querida casa de acampar, tenemos un peque\u00f1o lugar para acampar disponible en nuestro jard\u00edn. Tu estancia cuenta acceso a todas nuestras instalaciones y amenidades compartidas, adem\u00e1s de un delicioso desayuno para empezar el d\u00eda con energ\u00eda.&nbsp; \u00a1Av\u00edsanos por Whatsapp, tel\u00e9fono o [&hellip;]<\/p>\n","protected":false},"author":1,"featured_media":0,"parent":0,"menu_order":0,"comment_status":"closed","ping_status":"closed","template":"","meta":{"_uag_custom_page_level_css":"","site-sidebar-layout":"default","site-content-layout":"","ast-site-content-layout":"default","site-content-style":"default","site-sidebar-style":"default","ast-global-header-display":"","ast-banner-title-visibility":"","ast-main-header-display":"","ast-hfb-above-header-display":"","ast-hfb-below-header-display":"","ast-hfb-mobile-header-display":"","site-post-title":"disabled","ast-breadcrumbs-content":"","ast-featured-img":"","footer-sml-layout":"","ast-disable-related-posts":"","theme-transparent-header-meta":"","adv-header-id-meta":"","stick-header-meta":"","header-above-stick-meta":"","header-main-stick-meta":"","header-below-stick-meta":"","astra-migrate-meta-layouts":"set","ast-page-background-enabled":"default","ast-page-background-meta":{"desktop":{"background-color":"var(--ast-global-color-4)","background-image":"","background-repeat":"repeat","background-position":"center center","background-size":"auto","background-attachment":"scroll","background-type":"","background-media":"","overlay-type":"","overlay-color":"","overlay-opacity":"","overlay-gradient":""},"tablet":{"background-color":"","background-image":"","background-repeat":"repeat","background-position":"center center","background-size":"auto","background-attachment":"scroll","background-type":"","background-media":"","overlay-type":"","overlay-color":"","overlay-opacity":"","overlay-gradient":""},"mobile":{"background-color":"","background-image":"","background-repeat":"repeat","background-position":"center center","background-size":"auto","background-attachment":"scroll","background-type":"","background-media":"","overlay-type":"","overlay-color":"","overlay-opacity":"","overlay-gradient":""}},"ast-content-background-meta":{"desktop":{"background-color":"var(--ast-global-color-5)","background-image":"","background-repeat":"repeat","background-position":"center center","background-size":"auto","background-attachment":"scroll","background-type":"","background-media":"","overlay-type":"","overlay-color":"","overlay-opacity":"","overlay-gradient":""},"tablet":{"background-color":"var(--ast-global-color-5)","background-image":"","background-repeat":"repeat","background-position":"center center","background-size":"auto","background-attachment":"scroll","background-type":"","background-media":"","overlay-type":"","overlay-color":"","overlay-opacity":"","overlay-gradient":""},"mobile":{"background-color":"var(--ast-global-color-5)","background-image":"","background-repeat":"repeat","background-position":"center center","background-size":"auto","background-attachment":"scroll","background-type":"","background-media":"","overlay-type":"","overlay-color":"","overlay-opacity":"","overlay-gradient":""}},"footnotes":""},"class_list":["post-779","page","type-page","status-publish","hentry"],"uagb_featured_image_src":{"full":false,"thumbnail":false,"medium":false,"medium_large":false,"large":false,"1536x1536":false,"2048x2048":false,"trp-custom-language-flag":false},"uagb_author_info":{"display_name":"whaletaleshostel","author_link":"https:\/\/whaletaleshostel.com\/en\/author\/whaletaleshostel\/"},"uagb_comment_info":0,"uagb_excerpt":"\u00bfListo para acampar? Para aquellos que van donde el viento los lleva con su querida casa de acampar, tenemos un peque\u00f1o lugar para acampar disponible en nuestro jard\u00edn. Tu estancia cuenta acceso a todas nuestras instalaciones y amenidades compartidas, adem\u00e1s de un delicioso desayuno para empezar el d\u00eda con energ\u00eda.&nbsp; \u00a1Av\u00edsanos por Whatsapp, tel\u00e9fono o&hellip;","_links":{"self":[{"href":"https:\/\/whaletaleshostel.com\/en\/wp-json\/wp\/v2\/pages\/779","targetHints":{"allow":["GET"]}}],"collection":[{"href":"https:\/\/whaletaleshostel.com\/en\/wp-json\/wp\/v2\/pages"}],"about":[{"href":"https:\/\/whaletaleshostel.com\/en\/wp-json\/wp\/v2\/types\/page"}],"author":[{"embeddable":true,"href":"https:\/\/whaletaleshostel.com\/en\/wp-json\/wp\/v2\/users\/1"}],"replies":[{"embeddable":true,"href":"https:\/\/whaletaleshostel.com\/en\/wp-json\/wp\/v2\/comments?post=779"}],"version-history":[{"count":28,"href":"https:\/\/whaletaleshostel.com\/en\/wp-json\/wp\/v2\/pages\/779\/revisions"}],"predecessor-version":[{"id":2932,"href":"https:\/\/whaletaleshostel.com\/en\/wp-json\/wp\/v2\/pages\/779\/revisions\/2932"}],"wp:attachment":[{"href":"https:\/\/whaletaleshostel.com\/en\/wp-json\/wp\/v2\/media?parent=779"}],"curies":[{"name":"wp","href":"https:\/\/api.w.org\/{rel}","templated":true}]}}